{"id":12,"date":"2025-06-20T20:29:47","date_gmt":"2025-06-20T20:29:47","guid":{"rendered":"https:\/\/a-vk.de\/wordpress\/?page_id=12"},"modified":"2025-06-21T10:45:27","modified_gmt":"2025-06-21T10:45:27","slug":"startseite","status":"publish","type":"page","link":"https:\/\/a-vk.de\/wordpress\/","title":{"rendered":"Startseite"},"content":{"rendered":"\n<div class=\"wp-block-genesis-blocks-gb-columns gpb-monochrome-section-hero-header gb-layout-columns-1 gb-1-col-equal gb-has-background-dim gb-has-background-dim-20 gb-background-cover gb-background-no-repeat gb-has-custom-background-color gb-has-custom-text-color gb-columns-center alignfull\" style=\"padding-top:9em;padding-right:1em;padding-bottom:3em;padding-left:1em;background-color:#7db4d3;color:#ffffff;background-image:url(https:\/\/a-vk.de\/wordpress\/wp-content\/uploads\/2025\/06\/DSC5773-scaled.jpeg)\"><div class=\"gb-layout-column-wrap gb-block-layout-column-gap-3 gb-is-responsive-column\" style=\"max-width:1200px\">\n<div class=\"wp-block-genesis-blocks-gb-column gb-block-layout-column\"><div class=\"gb-block-layout-column-inner\">\n<h2 class=\"wp-block-heading has-text-align-left has-text-color\" style=\"color:#ffffff;font-size:60px\">Altersvorsorge.<\/h2>\n\n\n\n<p class=\"has-text-color has-normal-font-size\" style=\"color:#ffffff\">Die <strong>Allgemeine Versorgungskasse e. V.<\/strong> ist als sog. Untert\u00fctzungskasse ein unabh\u00e4ngiger Versorgungstr\u00e4ger der betrieblichen Altersversorgung.<\/p>\n<\/div><\/div>\n<\/div><\/div>\n\n\n\n<div class=\"wp-block-genesis-blocks-gb-columns gpb-monochrome-section-title-and-text-columns gb-layout-columns-1 one-column gb-has-custom-background-color gb-has-custom-text-color gb-columns-center alignfull\" style=\"padding-top:5em;padding-right:1em;padding-bottom:5em;padding-left:1em;background-color:#ffffff;color:#1f1f1f\"><div class=\"gb-layout-column-wrap gb-block-layout-column-gap-2 gb-is-responsive-column\" style=\"max-width:1200px\">\n<div class=\"wp-block-genesis-blocks-gb-column gb-block-layout-column\"><div class=\"gb-block-layout-column-inner\">\n<div style=\"margin-bottom:5%\" class=\"wp-block-genesis-blocks-gb-container gb-block-container\"><div class=\"gb-container-inside\"><div class=\"gb-container-content\" style=\"max-width:1600px\">\n<h2 class=\"wp-block-heading has-text-align-left has-text-color\" style=\"color:#1f1f1f;font-size:48px\">Wir verstehen anders.<\/h2>\n\n\n\n<p class=\"has-text-align-left has-normal-font-size\">Versicherungsf\u00f6rmige Gestaltungen der betrieblichen Altersversorgung sehen wir als wenig geeignet zum sicheren und attraktiven Aufbau von Vorsorgeverm\u00f6gen an.&nbsp;Die Unterst\u00fctzungskasse als Durchf\u00fchrungsweg der betrieblichen Altersversorgung bietet dagegen ideale Rahmenbedingungen&#8230; Expertenwissen und eine geeignete Kapitalanlagekonzeption vorausgesetzt.  <\/p>\n\n\n\n<hr class=\"wp-block-separator has-text-color has-css-opacity has-background is-style-wide\" style=\"background-color:#1f1f1f;color:#1f1f1f\"\/>\n<\/div><\/div><\/div>\n<\/div><\/div>\n<\/div><\/div>\n\n\n\n<div class=\"wp-block-cover alignfull gpb-monochrome-section-call-to-action has-normal-font-size\" style=\"min-height:132px;aspect-ratio:unset;\"><span aria-hidden=\"true\" class=\"wp-block-cover__background has-background-dim-100 has-background-dim has-background-gradient\" style=\"background:linear-gradient(48deg,rgb(193,216,234) 0%,rgb(125,180,211) 100%)\"><\/span><div class=\"wp-block-cover__inner-container is-layout-flow wp-block-cover-is-layout-flow\">\n<div class=\"wp-block-genesis-blocks-gb-columns gb-layout-columns-1 gb-1-col-equal gb-has-custom-text-color gb-columns-center alignwide\" style=\"color:#ffffff\"><div class=\"gb-layout-column-wrap gb-block-layout-column-gap-1 gb-is-responsive-column\" style=\"max-width:957px\">\n<div class=\"wp-block-genesis-blocks-gb-column gb-block-layout-column gb-is-vertically-aligned-center\"><div class=\"gb-block-layout-column-inner\" style=\"text-align:center\">\n<h2 class=\"wp-block-heading has-text-color has-large-font-size\" style=\"color:#ffffff\">Ihr Partner f\u00fcr funktionierende Altersversorgung. <\/h2>\n<\/div><\/div>\n<\/div><\/div>\n\n\n<div class=\"wp-block-image is-style-default wp-duotone-ffffff-fff-1\">\n<figure class=\"aligncenter size-full is-resized\"><img loading=\"lazy\" decoding=\"async\" width=\"1002\" height=\"162\" src=\"https:\/\/a-vk.de\/wordpress\/wp-content\/uploads\/2025\/06\/AVK_Logo_vektor_SW_white-1.png\" alt=\"\" class=\"wp-image-27\" style=\"width:320px\" srcset=\"https:\/\/a-vk.de\/wordpress\/wp-content\/uploads\/2025\/06\/AVK_Logo_vektor_SW_white-1.png 1002w, https:\/\/a-vk.de\/wordpress\/wp-content\/uploads\/2025\/06\/AVK_Logo_vektor_SW_white-1-300x49.png 300w, https:\/\/a-vk.de\/wordpress\/wp-content\/uploads\/2025\/06\/AVK_Logo_vektor_SW_white-1-768x124.png 768w\" sizes=\"auto, (max-width: 1002px) 100vw, 1002px\" \/><\/figure>\n<\/div><\/div><\/div>\n\n\n\n<p><\/p>\n","protected":false},"excerpt":{"rendered":"","protected":false},"author":1,"featured_media":0,"parent":0,"menu_order":0,"comment_status":"closed","ping_status":"closed","template":"","meta":{"_genesis_hide_title":true,"_genesis_hide_breadcrumbs":false,"_genesis_hide_singular_image":false,"_genesis_hide_footer_widgets":false,"_genesis_custom_body_class":"","_genesis_custom_post_class":"","_genesis_layout":"","footnotes":""},"class_list":{"0":"post-12","1":"page","2":"type-page","3":"status-publish","5":"entry"},"featured_image_src":null,"featured_image_src_square":null,"_links":{"self":[{"href":"https:\/\/a-vk.de\/wordpress\/index.php?rest_route=\/wp\/v2\/pages\/12","targetHints":{"allow":["GET"]}}],"collection":[{"href":"https:\/\/a-vk.de\/wordpress\/index.php?rest_route=\/wp\/v2\/pages"}],"about":[{"href":"https:\/\/a-vk.de\/wordpress\/index.php?rest_route=\/wp\/v2\/types\/page"}],"author":[{"embeddable":true,"href":"https:\/\/a-vk.de\/wordpress\/index.php?rest_route=\/wp\/v2\/users\/1"}],"replies":[{"embeddable":true,"href":"https:\/\/a-vk.de\/wordpress\/index.php?rest_route=%2Fwp%2Fv2%2Fcomments&post=12"}],"version-history":[{"count":10,"href":"https:\/\/a-vk.de\/wordpress\/index.php?rest_route=\/wp\/v2\/pages\/12\/revisions"}],"predecessor-version":[{"id":58,"href":"https:\/\/a-vk.de\/wordpress\/index.php?rest_route=\/wp\/v2\/pages\/12\/revisions\/58"}],"wp:attachment":[{"href":"https:\/\/a-vk.de\/wordpress\/index.php?rest_route=%2Fwp%2Fv2%2Fmedia&parent=12"}],"curies":[{"name":"wp","href":"https:\/\/api.w.org\/{rel}","templated":true}]}}